{"id":967,"date":"2022-11-15T06:09:12","date_gmt":"2022-11-15T09:09:12","guid":{"rendered":"https:\/\/granatum.ind.br\/a-granatum\/"},"modified":"2026-01-19T08:26:28","modified_gmt":"2026-01-19T11:26:28","slug":"a-granatum","status":"publish","type":"page","link":"https:\/\/granatum.ind.br\/es\/a-granatum\/","title":{"rendered":"A Granatum"},"content":{"rendered":"\t\t<div data-elementor-type=\"wp-page\" data-elementor-id=\"967\" class=\"elementor elementor-967\">\n\t\t\t\t\t\t\t\t\t<section class=\"elementor-section elementor-top-section elementor-element elementor-element-4f5bc85 elementor-section-full_width elementor-section-height-min-height elementor-section-height-default elementor-section-items-middle\" data-id=\"4f5bc85\" data-element_type=\"section\" data-settings=\"{&quot;background_background&quot;:&quot;classic&quot;}\">\n\t\t\t\t\t\t<div class=\"elementor-container elementor-column-gap-default\">\n\t\t\t\t\t<div class=\"elementor-column elementor-col-100 elementor-top-column elementor-element elementor-element-31045aa ot-flex-column-vertical\" data-id=\"31045aa\" data-element_type=\"column\">\n\t\t\t<div class=\"elementor-widget-wrap\">\n\t\t\t\t\t\t\t\t\t<\/div>\n\t\t<\/div>\n\t\t\t\t\t\t\t<\/div>\n\t\t<\/section>\n\t\t\t\t<section class=\"elementor-section elementor-top-section elementor-element elementor-element-2ee5df3 elementor-section-boxed elementor-section-height-default elementor-section-height-default\" data-id=\"2ee5df3\" data-element_type=\"section\">\n\t\t\t\t\t\t<div class=\"elementor-container elementor-column-gap-default\">\n\t\t\t\t\t<div class=\"elementor-column elementor-col-100 elementor-top-column elementor-element elementor-element-92d94d5 ot-flex-column-vertical\" data-id=\"92d94d5\" data-element_type=\"column\">\n\t\t\t<div class=\"elementor-widget-wrap elementor-element-populated\">\n\t\t\t\t\t\t\t\t<div class=\"elementor-element elementor-element-9926bcd elementor-widget elementor-widget-heading\" data-id=\"9926bcd\" data-element_type=\"widget\" data-widget_type=\"heading.default\">\n\t\t\t\t<div class=\"elementor-widget-container\">\n\t\t\t<style>\/*! elementor - v3.8.1 - 13-11-2022 *\/\n.elementor-heading-title{padding:0;margin:0;line-height:1}.elementor-widget-heading .elementor-heading-title[class*=elementor-size-]>a{color:inherit;font-size:inherit;line-height:inherit}.elementor-widget-heading .elementor-heading-title.elementor-size-small{font-size:15px}.elementor-widget-heading .elementor-heading-title.elementor-size-medium{font-size:19px}.elementor-widget-heading .elementor-heading-title.elementor-size-large{font-size:29px}.elementor-widget-heading .elementor-heading-title.elementor-size-xl{font-size:39px}.elementor-widget-heading .elementor-heading-title.elementor-size-xxl{font-size:59px}<\/style><h1 class=\"elementor-heading-title elementor-size-default\">A Granatum<\/h1>\t\t<\/div>\n\t\t\t\t<\/div>\n\t\t\t\t<div class=\"elementor-element elementor-element-969533e elementor-widget elementor-widget-text-editor\" data-id=\"969533e\" data-element_type=\"widget\" data-widget_type=\"text-editor.default\">\n\t\t\t\t<div class=\"elementor-widget-container\">\n\t\t\t<style>\/*! elementor - v3.8.1 - 13-11-2022 *\/\n.elementor-widget-text-editor.elementor-drop-cap-view-stacked .elementor-drop-cap{background-color:#818a91;color:#fff}.elementor-widget-text-editor.elementor-drop-cap-view-framed .elementor-drop-cap{color:#818a91;border:3px solid;background-color:transparent}.elementor-widget-text-editor:not(.elementor-drop-cap-view-default) .elementor-drop-cap{margin-top:8px}.elementor-widget-text-editor:not(.elementor-drop-cap-view-default) .elementor-drop-cap-letter{width:1em;height:1em}.elementor-widget-text-editor .elementor-drop-cap{float:left;text-align:center;line-height:1;font-size:50px}.elementor-widget-text-editor .elementor-drop-cap-letter{display:inline-block}<\/style>\t\t\t\t<p><strong>Ser el v\u00ednculo entre las necesidades de la industria cosm\u00e9tica y la riqueza de los argilominerales: este es el legado de Granatum.<\/strong><br \/>Desde hace m\u00e1s de 14 a\u00f1os, realiza investigaciones a nivel mundial, desarrollando ingredientes naturales innovadores a partir de minerales naturales o de composiciones formuladas que contienen arcillas, extractos de plantas y mantecas vegetales.<\/p><p>Todos los ingredientes se desarrollan con total seguridad para los consumidores, para los productos cosm\u00e9ticos y para el medio ambiente.<\/p>\t\t\t\t\t\t<\/div>\n\t\t\t\t<\/div>\n\t\t\t\t\t<\/div>\n\t\t<\/div>\n\t\t\t\t\t\t\t<\/div>\n\t\t<\/section>\n\t\t\t\t<section class=\"elementor-section elementor-top-section elementor-element elementor-element-ce4d987 elementor-section-full_width elementor-section-height-default elementor-section-height-default\" data-id=\"ce4d987\" data-element_type=\"section\" data-settings=\"{&quot;background_background&quot;:&quot;classic&quot;}\">\n\t\t\t\t\t\t<div class=\"elementor-container elementor-column-gap-default\">\n\t\t\t\t\t<div class=\"elementor-column elementor-col-100 elementor-top-column elementor-element elementor-element-d9f69a2 ot-flex-column-vertical\" data-id=\"d9f69a2\" data-element_type=\"column\">\n\t\t\t<div class=\"elementor-widget-wrap elementor-element-populated\">\n\t\t\t\t\t\t\t\t<section class=\"elementor-section elementor-inner-section elementor-element elementor-element-cc51f32 elementor-section-boxed elementor-section-height-default elementor-section-height-default\" data-id=\"cc51f32\" data-element_type=\"section\">\n\t\t\t\t\t\t<div class=\"elementor-container elementor-column-gap-default\">\n\t\t\t\t\t<div class=\"elementor-column elementor-col-50 elementor-inner-column elementor-element elementor-element-8773b4f ot-flex-column-vertical\" data-id=\"8773b4f\" data-element_type=\"column\">\n\t\t\t<div class=\"elementor-widget-wrap elementor-element-populated\">\n\t\t\t\t\t\t\t\t<div class=\"elementor-element elementor-element-21d1c6f elementor-view-default elementor-widget elementor-widget-icon\" data-id=\"21d1c6f\" data-element_type=\"widget\" data-widget_type=\"icon.default\">\n\t\t\t\t<div class=\"elementor-widget-container\">\n\t\t\t\t\t<div class=\"elementor-icon-wrapper\">\n\t\t\t<div class=\"elementor-icon\">\n\t\t\t<i aria-hidden=\"true\" class=\"fas fa-globe-americas\"><\/i>\t\t\t<\/div>\n\t\t<\/div>\n\t\t\t\t<\/div>\n\t\t\t\t<\/div>\n\t\t\t\t<div class=\"elementor-element elementor-element-f6e6a7a elementor-widget elementor-widget-heading\" data-id=\"f6e6a7a\" data-element_type=\"widget\" data-widget_type=\"heading.default\">\n\t\t\t\t<div class=\"elementor-widget-container\">\n\t\t\t<h3 class=\"elementor-heading-title elementor-size-default\">Presencia global<\/h3>\t\t<\/div>\n\t\t\t\t<\/div>\n\t\t\t\t<div class=\"elementor-element elementor-element-40cbcda elementor-widget elementor-widget-text-editor\" data-id=\"40cbcda\" data-element_type=\"widget\" data-widget_type=\"text-editor.default\">\n\t\t\t\t<div class=\"elementor-widget-container\">\n\t\t\t\t\t\t\t<p>La concepci\u00f3n de Granatum se bas\u00f3 en una cultura de alcance internacional. Desde el desarrollo de investigaciones con argilominerales en las tres Am\u00e9ricas, Europa y Asia, hasta la distribuci\u00f3n ya presente en m\u00e1s de 35 pa\u00edses:<\/p>\n<p>Brasil<br>Colombia<br>Alemania<br>Francia<br>Italia<br>Jap\u00f3n<br>Singapur<br>Tailandia<br>Indonesia<br>Malasia<br>Israel<\/p>\t\t\t\t\t\t<\/div>\n\t\t\t\t<\/div>\n\t\t\t\t\t<\/div>\n\t\t<\/div>\n\t\t\t\t<div class=\"elementor-column elementor-col-50 elementor-inner-column elementor-element elementor-element-b8cddf2 ot-flex-column-vertical\" data-id=\"b8cddf2\" data-element_type=\"column\">\n\t\t\t<div class=\"elementor-widget-wrap elementor-element-populated\">\n\t\t\t\t\t\t\t\t<div class=\"elementor-element elementor-element-2723466 elementor-view-default elementor-widget elementor-widget-icon\" data-id=\"2723466\" data-element_type=\"widget\" data-widget_type=\"icon.default\">\n\t\t\t\t<div class=\"elementor-widget-container\">\n\t\t\t\t\t<div class=\"elementor-icon-wrapper\">\n\t\t\t<div class=\"elementor-icon\">\n\t\t\t<i aria-hidden=\"true\" class=\"fas fa-book-reader\"><\/i>\t\t\t<\/div>\n\t\t<\/div>\n\t\t\t\t<\/div>\n\t\t\t\t<\/div>\n\t\t\t\t<div class=\"elementor-element elementor-element-c12571e elementor-widget elementor-widget-heading\" data-id=\"c12571e\" data-element_type=\"widget\" data-widget_type=\"heading.default\">\n\t\t\t\t<div class=\"elementor-widget-container\">\n\t\t\t<h3 class=\"elementor-heading-title elementor-size-default\">Nuestra cultura<\/h3>\t\t<\/div>\n\t\t\t\t<\/div>\n\t\t\t\t<div class=\"elementor-element elementor-element-8fc89b9 elementor-widget elementor-widget-text-editor\" data-id=\"8fc89b9\" data-element_type=\"widget\" data-widget_type=\"text-editor.default\">\n\t\t\t\t<div class=\"elementor-widget-container\">\n\t\t\t\t\t\t\t<p>Queremos aportar contribuciones positivas al mundo. Granatum es una empresa brasile\u00f1a, creada con una mentalidad global. Nuestro ADN se traduce en ser un proveedor de m\u00e1xima eficiencia, respetando el planeta y utilizando las tecnolog\u00edas disponibles, y muchas veces desarrollando innovaciones para ser ambiental, social y, de esta forma, econ\u00f3micamente sostenible.<\/p><p>Buscamos oportunidades para el desarrollo de las personas y de las comunidades en todo el mundo. A trav\u00e9s de la co-creaci\u00f3n, donde la riqueza de la naturaleza permite la integraci\u00f3n y la generaci\u00f3n de nuevas oportunidades de trabajo.<\/p>\t\t\t\t\t\t<\/div>\n\t\t\t\t<\/div>\n\t\t\t\t\t<\/div>\n\t\t<\/div>\n\t\t\t\t\t\t\t<\/div>\n\t\t<\/section>\n\t\t\t\t\t<\/div>\n\t\t<\/div>\n\t\t\t\t\t\t\t<\/div>\n\t\t<\/section>\n\t\t\t\t<section class=\"elementor-section elementor-top-section elementor-element elementor-element-5b6460d elementor-section-full_width elementor-section-height-min-height elementor-section-height-default elementor-section-items-middle\" data-id=\"5b6460d\" data-element_type=\"section\" data-settings=\"{&quot;background_background&quot;:&quot;classic&quot;}\">\n\t\t\t\t\t\t<div class=\"elementor-container elementor-column-gap-no\">\n\t\t\t\t\t<div class=\"elementor-column elementor-col-100 elementor-top-column elementor-element elementor-element-09446bd ot-flex-column-vertical\" data-id=\"09446bd\" data-element_type=\"column\">\n\t\t\t<div class=\"elementor-widget-wrap elementor-element-populated\">\n\t\t\t\t\t\t\t\t<section class=\"elementor-section elementor-inner-section elementor-element elementor-element-20cff0e elementor-section-boxed elementor-section-height-default elementor-section-height-default\" data-id=\"20cff0e\" data-element_type=\"section\">\n\t\t\t\t\t\t<div class=\"elementor-container elementor-column-gap-default\">\n\t\t\t\t\t<div class=\"elementor-column elementor-col-50 elementor-inner-column elementor-element elementor-element-55f9506 ot-flex-column-vertical\" data-id=\"55f9506\" data-element_type=\"column\">\n\t\t\t<div class=\"elementor-widget-wrap elementor-element-populated\">\n\t\t\t\t\t\t\t\t<div class=\"elementor-element elementor-element-8cdbd53 elementor-widget elementor-widget-text-editor\" data-id=\"8cdbd53\" data-element_type=\"widget\" data-widget_type=\"text-editor.default\">\n\t\t\t\t<div class=\"elementor-widget-container\">\n\t\t\t\t\t\t\t<p><span class=\"gr-fw-300\">NUESTRAS\u00a0<\/span><br \/>CERTIFICACIONES<\/p>\t\t\t\t\t\t<\/div>\n\t\t\t\t<\/div>\n\t\t\t\t<div class=\"elementor-element elementor-element-9032f69 elementor-widget elementor-widget-text-editor\" data-id=\"9032f69\" data-element_type=\"widget\" data-widget_type=\"text-editor.default\">\n\t\t\t\t<div class=\"elementor-widget-container\">\n\t\t\t\t\t\t\t<p>\u2022 Vegano \/ Natural<br \/>\u2022 Conformidad COSMOS \/ ECOCERT<br \/>\u2022 \u00cdndice de origen org\u00e1nico (ISO 16.128): 1<br \/>\u2022 Nunca probado en animales<br \/>\u2022 Origen 100 % brasile\u00f1o<\/p>\t\t\t\t\t\t<\/div>\n\t\t\t\t<\/div>\n\t\t\t\t\t<\/div>\n\t\t<\/div>\n\t\t\t\t<div class=\"elementor-column elementor-col-50 elementor-inner-column elementor-element elementor-element-46927cd ot-flex-column-vertical\" data-id=\"46927cd\" data-element_type=\"column\">\n\t\t\t<div class=\"elementor-widget-wrap\">\n\t\t\t\t\t\t\t\t\t<\/div>\n\t\t<\/div>\n\t\t\t\t\t\t\t<\/div>\n\t\t<\/section>\n\t\t\t\t\t<\/div>\n\t\t<\/div>\n\t\t\t\t\t\t\t<\/div>\n\t\t<\/section>\n\t\t\t\t\t\t\t<\/div>\n\t\t","protected":false},"excerpt":{"rendered":"<p>A Granatum Ser el v\u00ednculo entre las necesidades de la industria cosm\u00e9tica y la riqueza de los argilominerales: este es el legado de Granatum.Desde hace m\u00e1s de 14 a\u00f1os, realiza investigaciones a nivel mundial, desarrollando ingredientes naturales innovadores a partir de minerales naturales o de composiciones formuladas que contienen arcillas, extractos de plantas y mantecas [&hellip;]<\/p>\n","protected":false},"author":1,"featured_media":0,"parent":0,"menu_order":0,"comment_status":"closed","ping_status":"closed","template":"elementor_header_footer","meta":{"footnotes":""},"class_list":["post-967","page","type-page","status-publish","hentry"],"yoast_head":"<!-- This site is optimized with the Yoast SEO plugin v26.6 - https:\/\/yoast.com\/wordpress\/plugins\/seo\/ -->\n<title>Granatum &#187; A Granatum<\/title>\n<meta name=\"robots\" content=\"index, follow, max-snippet:-1, max-image-preview:large, max-video-preview:-1\" \/>\n<link rel=\"canonical\" href=\"https:\/\/granatum.ind.br\/es\/a-granatum\/\" \/>\n<meta property=\"og:locale\" content=\"es_ES\" \/>\n<meta property=\"og:type\" content=\"article\" \/>\n<meta property=\"og:title\" content=\"Granatum &#187; A Granatum\" \/>\n<meta property=\"og:description\" content=\"A Granatum Ser el v\u00ednculo entre las necesidades de la industria cosm\u00e9tica y la riqueza de los argilominerales: este es el legado de Granatum.Desde hace m\u00e1s de 14 a\u00f1os, realiza investigaciones a nivel mundial, desarrollando ingredientes naturales innovadores a partir de minerales naturales o de composiciones formuladas que contienen arcillas, extractos de plantas y mantecas [&hellip;]\" \/>\n<meta property=\"og:url\" content=\"https:\/\/granatum.ind.br\/es\/a-granatum\/\" \/>\n<meta property=\"og:site_name\" content=\"Granatum\" \/>\n<meta property=\"article:modified_time\" content=\"2026-01-19T11:26:28+00:00\" \/>\n<meta name=\"twitter:card\" content=\"summary_large_image\" \/>\n<meta name=\"twitter:label1\" content=\"Tiempo de lectura\" \/>\n\t<meta name=\"twitter:data1\" content=\"2 minutos\" \/>\n<script type=\"application\/ld+json\" class=\"yoast-schema-graph\">{\"@context\":\"https:\/\/schema.org\",\"@graph\":[{\"@type\":\"WebPage\",\"@id\":\"https:\/\/granatum.ind.br\/es\/a-granatum\/\",\"url\":\"https:\/\/granatum.ind.br\/es\/a-granatum\/\",\"name\":\"Granatum &#187; A Granatum\",\"isPartOf\":{\"@id\":\"https:\/\/granatum.ind.br\/#website\"},\"datePublished\":\"2022-11-15T09:09:12+00:00\",\"dateModified\":\"2026-01-19T11:26:28+00:00\",\"breadcrumb\":{\"@id\":\"https:\/\/granatum.ind.br\/es\/a-granatum\/#breadcrumb\"},\"inLanguage\":\"es\",\"potentialAction\":[{\"@type\":\"ReadAction\",\"target\":[\"https:\/\/granatum.ind.br\/es\/a-granatum\/\"]}]},{\"@type\":\"BreadcrumbList\",\"@id\":\"https:\/\/granatum.ind.br\/es\/a-granatum\/#breadcrumb\",\"itemListElement\":[{\"@type\":\"ListItem\",\"position\":1,\"name\":\"In\u00edcio\",\"item\":\"https:\/\/granatum.ind.br\/es\/\"},{\"@type\":\"ListItem\",\"position\":2,\"name\":\"A Granatum\"}]},{\"@type\":\"WebSite\",\"@id\":\"https:\/\/granatum.ind.br\/#website\",\"url\":\"https:\/\/granatum.ind.br\/\",\"name\":\"Granatum - O seu fornecedor de ingredientes funcionais e ativos minerais\",\"description\":\"O seu fornecedor de ingredientes funcionais e ativos minerais\",\"publisher\":{\"@id\":\"https:\/\/granatum.ind.br\/#organization\"},\"alternateName\":\"Granatum - Your supplier of functional ingredients and mineral actives\",\"potentialAction\":[{\"@type\":\"SearchAction\",\"target\":{\"@type\":\"EntryPoint\",\"urlTemplate\":\"https:\/\/granatum.ind.br\/?s={search_term_string}\"},\"query-input\":{\"@type\":\"PropertyValueSpecification\",\"valueRequired\":true,\"valueName\":\"search_term_string\"}}],\"inLanguage\":\"es\"},{\"@type\":\"Organization\",\"@id\":\"https:\/\/granatum.ind.br\/#organization\",\"name\":\"Granatum - O seu fornecedor de ingredientes funcionais e ativos minerais\",\"url\":\"https:\/\/granatum.ind.br\/\",\"logo\":{\"@type\":\"ImageObject\",\"inLanguage\":\"es\",\"@id\":\"https:\/\/granatum.ind.br\/#\/schema\/logo\/image\/\",\"url\":\"https:\/\/granatum.ind.br\/wp-content\/uploads\/2022\/11\/granatum-taio-sc-logo-cinza.png\",\"contentUrl\":\"https:\/\/granatum.ind.br\/wp-content\/uploads\/2022\/11\/granatum-taio-sc-logo-cinza.png\",\"width\":270,\"height\":56,\"caption\":\"Granatum - O seu fornecedor de ingredientes funcionais e ativos minerais\"},\"image\":{\"@id\":\"https:\/\/granatum.ind.br\/#\/schema\/logo\/image\/\"}}]}<\/script>\n<!-- \/ Yoast SEO plugin. -->","yoast_head_json":{"title":"Granatum &#187; A Granatum","robots":{"index":"index","follow":"follow","max-snippet":"max-snippet:-1","max-image-preview":"max-image-preview:large","max-video-preview":"max-video-preview:-1"},"canonical":"https:\/\/granatum.ind.br\/es\/a-granatum\/","og_locale":"es_ES","og_type":"article","og_title":"Granatum &#187; A Granatum","og_description":"A Granatum Ser el v\u00ednculo entre las necesidades de la industria cosm\u00e9tica y la riqueza de los argilominerales: este es el legado de Granatum.Desde hace m\u00e1s de 14 a\u00f1os, realiza investigaciones a nivel mundial, desarrollando ingredientes naturales innovadores a partir de minerales naturales o de composiciones formuladas que contienen arcillas, extractos de plantas y mantecas [&hellip;]","og_url":"https:\/\/granatum.ind.br\/es\/a-granatum\/","og_site_name":"Granatum","article_modified_time":"2026-01-19T11:26:28+00:00","twitter_card":"summary_large_image","twitter_misc":{"Tiempo de lectura":"2 minutos"},"schema":{"@context":"https:\/\/schema.org","@graph":[{"@type":"WebPage","@id":"https:\/\/granatum.ind.br\/es\/a-granatum\/","url":"https:\/\/granatum.ind.br\/es\/a-granatum\/","name":"Granatum &#187; A Granatum","isPartOf":{"@id":"https:\/\/granatum.ind.br\/#website"},"datePublished":"2022-11-15T09:09:12+00:00","dateModified":"2026-01-19T11:26:28+00:00","breadcrumb":{"@id":"https:\/\/granatum.ind.br\/es\/a-granatum\/#breadcrumb"},"inLanguage":"es","potentialAction":[{"@type":"ReadAction","target":["https:\/\/granatum.ind.br\/es\/a-granatum\/"]}]},{"@type":"BreadcrumbList","@id":"https:\/\/granatum.ind.br\/es\/a-granatum\/#breadcrumb","itemListElement":[{"@type":"ListItem","position":1,"name":"In\u00edcio","item":"https:\/\/granatum.ind.br\/es\/"},{"@type":"ListItem","position":2,"name":"A Granatum"}]},{"@type":"WebSite","@id":"https:\/\/granatum.ind.br\/#website","url":"https:\/\/granatum.ind.br\/","name":"Granatum - O seu fornecedor de ingredientes funcionais e ativos minerais","description":"O seu fornecedor de ingredientes funcionais e ativos minerais","publisher":{"@id":"https:\/\/granatum.ind.br\/#organization"},"alternateName":"Granatum - Your supplier of functional ingredients and mineral actives","potentialAction":[{"@type":"SearchAction","target":{"@type":"EntryPoint","urlTemplate":"https:\/\/granatum.ind.br\/?s={search_term_string}"},"query-input":{"@type":"PropertyValueSpecification","valueRequired":true,"valueName":"search_term_string"}}],"inLanguage":"es"},{"@type":"Organization","@id":"https:\/\/granatum.ind.br\/#organization","name":"Granatum - O seu fornecedor de ingredientes funcionais e ativos minerais","url":"https:\/\/granatum.ind.br\/","logo":{"@type":"ImageObject","inLanguage":"es","@id":"https:\/\/granatum.ind.br\/#\/schema\/logo\/image\/","url":"https:\/\/granatum.ind.br\/wp-content\/uploads\/2022\/11\/granatum-taio-sc-logo-cinza.png","contentUrl":"https:\/\/granatum.ind.br\/wp-content\/uploads\/2022\/11\/granatum-taio-sc-logo-cinza.png","width":270,"height":56,"caption":"Granatum - O seu fornecedor de ingredientes funcionais e ativos minerais"},"image":{"@id":"https:\/\/granatum.ind.br\/#\/schema\/logo\/image\/"}}]}},"_links":{"self":[{"href":"https:\/\/granatum.ind.br\/es\/wp-json\/wp\/v2\/pages\/967","targetHints":{"allow":["GET"]}}],"collection":[{"href":"https:\/\/granatum.ind.br\/es\/wp-json\/wp\/v2\/pages"}],"about":[{"href":"https:\/\/granatum.ind.br\/es\/wp-json\/wp\/v2\/types\/page"}],"author":[{"embeddable":true,"href":"https:\/\/granatum.ind.br\/es\/wp-json\/wp\/v2\/users\/1"}],"replies":[{"embeddable":true,"href":"https:\/\/granatum.ind.br\/es\/wp-json\/wp\/v2\/comments?post=967"}],"version-history":[{"count":9,"href":"https:\/\/granatum.ind.br\/es\/wp-json\/wp\/v2\/pages\/967\/revisions"}],"predecessor-version":[{"id":1099,"href":"https:\/\/granatum.ind.br\/es\/wp-json\/wp\/v2\/pages\/967\/revisions\/1099"}],"wp:attachment":[{"href":"https:\/\/granatum.ind.br\/es\/wp-json\/wp\/v2\/media?parent=967"}],"curies":[{"name":"wp","href":"https:\/\/api.w.org\/{rel}","templated":true}]}}