{"id":979,"date":"2022-11-15T15:36:33","date_gmt":"2022-11-15T18:36:33","guid":{"rendered":"https:\/\/granatum.ind.br\/contato\/"},"modified":"2025-12-17T09:40:42","modified_gmt":"2025-12-17T12:40:42","slug":"contacto","status":"publish","type":"page","link":"https:\/\/granatum.ind.br\/es\/contacto\/","title":{"rendered":"Contacto"},"content":{"rendered":"\t\t<div data-elementor-type=\"wp-page\" data-elementor-id=\"979\" class=\"elementor elementor-979\">\n\t\t\t\t\t\t\t\t\t<section class=\"elementor-section elementor-top-section elementor-element elementor-element-4f5bc85 elementor-section-full_width elementor-section-height-min-height elementor-section-height-default elementor-section-items-middle\" data-id=\"4f5bc85\" data-element_type=\"section\" data-settings=\"{&quot;background_background&quot;:&quot;classic&quot;}\">\n\t\t\t\t\t\t<div class=\"elementor-container elementor-column-gap-default\">\n\t\t\t\t\t<div class=\"elementor-column elementor-col-100 elementor-top-column elementor-element elementor-element-31045aa ot-flex-column-vertical\" data-id=\"31045aa\" data-element_type=\"column\">\n\t\t\t<div class=\"elementor-widget-wrap\">\n\t\t\t\t\t\t\t\t\t<\/div>\n\t\t<\/div>\n\t\t\t\t\t\t\t<\/div>\n\t\t<\/section>\n\t\t\t\t<section class=\"elementor-section elementor-top-section elementor-element elementor-element-2ee5df3 elementor-section-boxed elementor-section-height-default elementor-section-height-default\" data-id=\"2ee5df3\" data-element_type=\"section\">\n\t\t\t\t\t\t<div class=\"elementor-container elementor-column-gap-default\">\n\t\t\t\t\t<div class=\"elementor-column elementor-col-100 elementor-top-column elementor-element elementor-element-92d94d5 ot-flex-column-vertical\" data-id=\"92d94d5\" data-element_type=\"column\">\n\t\t\t<div class=\"elementor-widget-wrap elementor-element-populated\">\n\t\t\t\t\t\t\t\t<div class=\"elementor-element elementor-element-9926bcd elementor-widget elementor-widget-heading\" data-id=\"9926bcd\" data-element_type=\"widget\" data-widget_type=\"heading.default\">\n\t\t\t\t<div class=\"elementor-widget-container\">\n\t\t\t<style>\/*! elementor - v3.8.1 - 13-11-2022 *\/\n.elementor-heading-title{padding:0;margin:0;line-height:1}.elementor-widget-heading .elementor-heading-title[class*=elementor-size-]>a{color:inherit;font-size:inherit;line-height:inherit}.elementor-widget-heading .elementor-heading-title.elementor-size-small{font-size:15px}.elementor-widget-heading .elementor-heading-title.elementor-size-medium{font-size:19px}.elementor-widget-heading .elementor-heading-title.elementor-size-large{font-size:29px}.elementor-widget-heading .elementor-heading-title.elementor-size-xl{font-size:39px}.elementor-widget-heading .elementor-heading-title.elementor-size-xxl{font-size:59px}<\/style><h1 class=\"elementor-heading-title elementor-size-default\">Contacto<\/h1>\t\t<\/div>\n\t\t\t\t<\/div>\n\t\t\t\t<div class=\"elementor-element elementor-element-9e41c07 elementor-button-info elementor-align-center elementor-widget elementor-widget-button\" data-id=\"9e41c07\" data-element_type=\"widget\" data-widget_type=\"button.default\">\n\t\t\t\t<div class=\"elementor-widget-container\">\n\t\t\t\t\t<div class=\"elementor-button-wrapper\">\n\t\t\t<a href=\"https:\/\/wa.me\/message\/L4WZJPOOH4SOC1\" class=\"elementor-button-link elementor-button elementor-size-lg\" role=\"button\">\n\t\t\t\t\t\t<span class=\"elementor-button-content-wrapper\">\n\t\t\t\t\t\t<span class=\"elementor-button-text\">WhatsApp <\/span>\n\t\t<\/span>\n\t\t\t\t\t<\/a>\n\t\t<\/div>\n\t\t\t\t<\/div>\n\t\t\t\t<\/div>\n\t\t\t\t<div class=\"elementor-element elementor-element-969533e elementor-widget elementor-widget-text-editor\" data-id=\"969533e\" data-element_type=\"widget\" data-widget_type=\"text-editor.default\">\n\t\t\t\t<div class=\"elementor-widget-container\">\n\t\t\t<style>\/*! elementor - v3.8.1 - 13-11-2022 *\/\n.elementor-widget-text-editor.elementor-drop-cap-view-stacked .elementor-drop-cap{background-color:#818a91;color:#fff}.elementor-widget-text-editor.elementor-drop-cap-view-framed .elementor-drop-cap{color:#818a91;border:3px solid;background-color:transparent}.elementor-widget-text-editor:not(.elementor-drop-cap-view-default) .elementor-drop-cap{margin-top:8px}.elementor-widget-text-editor:not(.elementor-drop-cap-view-default) .elementor-drop-cap-letter{width:1em;height:1em}.elementor-widget-text-editor .elementor-drop-cap{float:left;text-align:center;line-height:1;font-size:50px}.elementor-widget-text-editor .elementor-drop-cap-letter{display:inline-block}<\/style>\t\t\t\t<p style=\"text-align: center;\">Si\u00e9ntase libre de enviar su mensaje; cu\u00e9ntenos si tuvo inter\u00e9s en alguno de los productos o si desea obtener m\u00e1s informaci\u00f3n.<\/p>\t\t\t\t\t\t<\/div>\n\t\t\t\t<\/div>\n\t\t\t\t<section class=\"elementor-section elementor-inner-section elementor-element elementor-element-71b15c5 elementor-section-boxed elementor-section-height-default elementor-section-height-default\" data-id=\"71b15c5\" data-element_type=\"section\">\n\t\t\t\t\t\t<div class=\"elementor-container elementor-column-gap-default\">\n\t\t\t\t\t<div class=\"elementor-column elementor-col-50 elementor-inner-column elementor-element elementor-element-c96a3f3 ot-flex-column-vertical\" data-id=\"c96a3f3\" data-element_type=\"column\">\n\t\t\t<div class=\"elementor-widget-wrap elementor-element-populated\">\n\t\t\t\t\t\t\t\t<div class=\"elementor-element elementor-element-3388291 elementor-widget elementor-widget-shortcode\" data-id=\"3388291\" data-element_type=\"widget\" data-widget_type=\"shortcode.default\">\n\t\t\t\t<div class=\"elementor-widget-container\">\n\t\t\t\t\t<div class=\"elementor-shortcode\">\n<div class=\"wpcf7 no-js\" id=\"wpcf7-f1011-o1\" lang=\"pt-BR\" dir=\"ltr\" data-wpcf7-id=\"1011\">\n<div class=\"screen-reader-response\"><p role=\"status\" aria-live=\"polite\" aria-atomic=\"true\"><\/p> <ul><\/ul><\/div>\n<form action=\"\/es\/wp-json\/wp\/v2\/pages\/979#wpcf7-f1011-o1\" method=\"post\" class=\"wpcf7-form init\" aria-label=\"Formul\u00e1rios de contato\" novalidate=\"novalidate\" data-status=\"init\">\n<fieldset class=\"hidden-fields-container\"><input type=\"hidden\" name=\"_wpcf7\" value=\"1011\" \/><input type=\"hidden\" name=\"_wpcf7_version\" value=\"6.1.4\" \/><input type=\"hidden\" name=\"_wpcf7_locale\" value=\"pt_BR\" \/><input type=\"hidden\" name=\"_wpcf7_unit_tag\" value=\"wpcf7-f1011-o1\" \/><input type=\"hidden\" name=\"_wpcf7_container_post\" value=\"0\" \/><input type=\"hidden\" name=\"_wpcf7_posted_data_hash\" value=\"\" \/>\n<\/fieldset>\n<p><span class=\"wpcf7-form-control-wrap\" data-name=\"nome\"><input size=\"40\" maxlength=\"400\" class=\"wpcf7-form-control wpcf7-text wpcf7-validates-as-required\" aria-required=\"true\" aria-invalid=\"false\" placeholder=\"Nombre\" value=\"\" type=\"text\" name=\"nome\" \/><\/span>\n<\/p>\n<p><span class=\"wpcf7-form-control-wrap\" data-name=\"telefone\"><input size=\"40\" maxlength=\"400\" class=\"wpcf7-form-control wpcf7-tel wpcf7-validates-as-required wpcf7-text wpcf7-validates-as-tel\" aria-required=\"true\" aria-invalid=\"false\" placeholder=\"Tel\u00e9fono\" value=\"\" type=\"tel\" name=\"telefone\" \/><\/span>\n<\/p>\n<p><span class=\"wpcf7-form-control-wrap\" data-name=\"email\"><input size=\"40\" maxlength=\"400\" class=\"wpcf7-form-control wpcf7-email wpcf7-validates-as-required wpcf7-text wpcf7-validates-as-email\" aria-required=\"true\" aria-invalid=\"false\" placeholder=\"E-mail\" value=\"\" type=\"email\" name=\"email\" \/><\/span>\n<\/p>\n<p><span class=\"wpcf7-form-control-wrap\" data-name=\"mensagem\"><textarea cols=\"40\" rows=\"10\" maxlength=\"2000\" class=\"wpcf7-form-control wpcf7-textarea wpcf7-validates-as-required\" aria-required=\"true\" aria-invalid=\"false\" placeholder=\"Mensaje\" name=\"mensagem\"><\/textarea><\/span>\n<\/p>\n<div align=\"center\">\n\t<p><button class=\"octf-btn octf-btn-secondary octf-btn-no-icon\" type=\"submit\">Enviar mensaje<\/button>\n\t<\/p>\n<\/div><div class=\"wpcf7-response-output\" aria-hidden=\"true\"><\/div>\n<\/form>\n<\/div>\n<\/div>\n\t\t\t\t<\/div>\n\t\t\t\t<\/div>\n\t\t\t\t\t<\/div>\n\t\t<\/div>\n\t\t\t\t<div class=\"elementor-column elementor-col-50 elementor-inner-column elementor-element elementor-element-f12b8bd ot-flex-column-vertical\" data-id=\"f12b8bd\" data-element_type=\"column\">\n\t\t\t<div class=\"elementor-widget-wrap elementor-element-populated\">\n\t\t\t\t\t\t\t\t<div class=\"elementor-element elementor-element-8d94f63 elementor-widget elementor-widget-google_maps\" data-id=\"8d94f63\" data-element_type=\"widget\" data-widget_type=\"google_maps.default\">\n\t\t\t\t<div class=\"elementor-widget-container\">\n\t\t\t<style>\/*! elementor - v3.8.1 - 13-11-2022 *\/\n.elementor-widget-google_maps .elementor-widget-container{overflow:hidden}.elementor-widget-google_maps iframe{height:300px}<\/style>\t\t<div class=\"elementor-custom-embed\">\n\t\t\t<iframe frameborder=\"0\" scrolling=\"no\" marginheight=\"0\" marginwidth=\"0\"\n\t\t\t\t\tsrc=\"https:\/\/maps.google.com\/maps?q=Rua%20Enedina%20D%E2%80%99Avila%20Ferreira%2C%20695%20Cordeiros%20%E2%80%93%20Itaja%C3%AD%20-%20SC%2C%20CEP%2088310%20691&#038;t=m&#038;z=18&#038;output=embed&#038;iwloc=near\"\n\t\t\t\t\ttitle=\"Rua Enedina D\u2019Avila Ferreira, 695 Cordeiros \u2013 Itaja\u00ed - SC, CEP 88310 691\"\n\t\t\t\t\taria-label=\"Rua Enedina D\u2019Avila Ferreira, 695 Cordeiros \u2013 Itaja\u00ed - SC, CEP 88310 691\"\n\t\t\t><\/iframe>\n\t\t<\/div>\n\t\t\t\t<\/div>\n\t\t\t\t<\/div>\n\t\t\t\t\t<\/div>\n\t\t<\/div>\n\t\t\t\t\t\t\t<\/div>\n\t\t<\/section>\n\t\t\t\t\t<\/div>\n\t\t<\/div>\n\t\t\t\t\t\t\t<\/div>\n\t\t<\/section>\n\t\t\t\t<section class=\"elementor-section elementor-top-section elementor-element elementor-element-5b6460d elementor-section-full_width elementor-section-height-min-height elementor-section-height-default elementor-section-items-middle\" data-id=\"5b6460d\" data-element_type=\"section\" data-settings=\"{&quot;background_background&quot;:&quot;classic&quot;}\">\n\t\t\t\t\t\t<div class=\"elementor-container elementor-column-gap-no\">\n\t\t\t\t\t<div class=\"elementor-column elementor-col-100 elementor-top-column elementor-element elementor-element-09446bd ot-flex-column-vertical\" data-id=\"09446bd\" data-element_type=\"column\">\n\t\t\t<div class=\"elementor-widget-wrap elementor-element-populated\">\n\t\t\t\t\t\t\t\t<section class=\"elementor-section elementor-inner-section elementor-element elementor-element-20cff0e elementor-section-boxed elementor-section-height-default elementor-section-height-default\" data-id=\"20cff0e\" data-element_type=\"section\">\n\t\t\t\t\t\t<div class=\"elementor-container elementor-column-gap-default\">\n\t\t\t\t\t<div class=\"elementor-column elementor-col-50 elementor-inner-column elementor-element elementor-element-55f9506 ot-flex-column-vertical\" data-id=\"55f9506\" data-element_type=\"column\">\n\t\t\t<div class=\"elementor-widget-wrap elementor-element-populated\">\n\t\t\t\t\t\t\t\t<div class=\"elementor-element elementor-element-8cdbd53 elementor-widget elementor-widget-text-editor\" data-id=\"8cdbd53\" data-element_type=\"widget\" data-widget_type=\"text-editor.default\">\n\t\t\t\t<div class=\"elementor-widget-container\">\n\t\t\t\t\t\t\t<p><span class=\"gr-fw-300\">NUESTRAS<\/span><br \/>CERTIFICACIONES\u00a0<\/p>\t\t\t\t\t\t<\/div>\n\t\t\t\t<\/div>\n\t\t\t\t<div class=\"elementor-element elementor-element-9032f69 elementor-widget elementor-widget-text-editor\" data-id=\"9032f69\" data-element_type=\"widget\" data-widget_type=\"text-editor.default\">\n\t\t\t\t<div class=\"elementor-widget-container\">\n\t\t\t\t\t\t\t<p>\u2022 Vegano \/ Natural<br data-start=\"18\" data-end=\"21\" \/>\u2022 Conformidad COSMOS \/ ECOCERT<br data-start=\"51\" data-end=\"54\" \/>\u2022 \u00cdndice de origen org\u00e1nico (ISO 16.128): 1<br data-start=\"97\" data-end=\"100\" \/>\u2022 Nunca probado en animales<br data-start=\"127\" data-end=\"130\" \/>\u2022 Origen 100 % brasile\u00f1o<\/p>\t\t\t\t\t\t<\/div>\n\t\t\t\t<\/div>\n\t\t\t\t\t<\/div>\n\t\t<\/div>\n\t\t\t\t<div class=\"elementor-column elementor-col-50 elementor-inner-column elementor-element elementor-element-46927cd ot-flex-column-vertical\" data-id=\"46927cd\" data-element_type=\"column\">\n\t\t\t<div class=\"elementor-widget-wrap\">\n\t\t\t\t\t\t\t\t\t<\/div>\n\t\t<\/div>\n\t\t\t\t\t\t\t<\/div>\n\t\t<\/section>\n\t\t\t\t\t<\/div>\n\t\t<\/div>\n\t\t\t\t\t\t\t<\/div>\n\t\t<\/section>\n\t\t\t\t\t\t\t<\/div>\n\t\t","protected":false},"excerpt":{"rendered":"<p>Contacto WhatsApp Si\u00e9ntase libre de enviar su mensaje; cu\u00e9ntenos si tuvo inter\u00e9s en alguno de los productos o si desea obtener m\u00e1s informaci\u00f3n. NUESTRASCERTIFICACIONES\u00a0 \u2022 Vegano \/ Natural\u2022 Conformidad COSMOS \/ ECOCERT\u2022 \u00cdndice de origen org\u00e1nico (ISO 16.128): 1\u2022 Nunca probado en animales\u2022 Origen 100 % brasile\u00f1o<\/p>\n","protected":false},"author":1,"featured_media":0,"parent":0,"menu_order":0,"comment_status":"closed","ping_status":"closed","template":"elementor_header_footer","meta":{"footnotes":""},"class_list":["post-979","page","type-page","status-publish","hentry"],"yoast_head":"<!-- This site is optimized with the Yoast SEO plugin v26.6 - https:\/\/yoast.com\/wordpress\/plugins\/seo\/ -->\n<title>Granatum &#187; Contacto<\/title>\n<meta name=\"robots\" content=\"index, follow, max-snippet:-1, max-image-preview:large, max-video-preview:-1\" \/>\n<link rel=\"canonical\" href=\"https:\/\/granatum.ind.br\/es\/contacto\/\" \/>\n<meta property=\"og:locale\" content=\"es_ES\" \/>\n<meta property=\"og:type\" content=\"article\" \/>\n<meta property=\"og:title\" content=\"Granatum &#187; Contacto\" \/>\n<meta property=\"og:description\" content=\"Contacto WhatsApp Si\u00e9ntase libre de enviar su mensaje; cu\u00e9ntenos si tuvo inter\u00e9s en alguno de los productos o si desea obtener m\u00e1s informaci\u00f3n. NUESTRASCERTIFICACIONES\u00a0 \u2022 Vegano \/ Natural\u2022 Conformidad COSMOS \/ ECOCERT\u2022 \u00cdndice de origen org\u00e1nico (ISO 16.128): 1\u2022 Nunca probado en animales\u2022 Origen 100 % brasile\u00f1o\" \/>\n<meta property=\"og:url\" content=\"https:\/\/granatum.ind.br\/es\/contacto\/\" \/>\n<meta property=\"og:site_name\" content=\"Granatum\" \/>\n<meta property=\"article:modified_time\" content=\"2025-12-17T12:40:42+00:00\" \/>\n<meta name=\"twitter:card\" content=\"summary_large_image\" \/>\n<meta name=\"twitter:label1\" content=\"Tiempo de lectura\" \/>\n\t<meta name=\"twitter:data1\" content=\"1 minuto\" \/>\n<script type=\"application\/ld+json\" class=\"yoast-schema-graph\">{\"@context\":\"https:\/\/schema.org\",\"@graph\":[{\"@type\":\"WebPage\",\"@id\":\"https:\/\/granatum.ind.br\/es\/contacto\/\",\"url\":\"https:\/\/granatum.ind.br\/es\/contacto\/\",\"name\":\"Granatum &#187; Contacto\",\"isPartOf\":{\"@id\":\"https:\/\/granatum.ind.br\/#website\"},\"datePublished\":\"2022-11-15T18:36:33+00:00\",\"dateModified\":\"2025-12-17T12:40:42+00:00\",\"breadcrumb\":{\"@id\":\"https:\/\/granatum.ind.br\/es\/contacto\/#breadcrumb\"},\"inLanguage\":\"es\",\"potentialAction\":[{\"@type\":\"ReadAction\",\"target\":[\"https:\/\/granatum.ind.br\/es\/contacto\/\"]}]},{\"@type\":\"BreadcrumbList\",\"@id\":\"https:\/\/granatum.ind.br\/es\/contacto\/#breadcrumb\",\"itemListElement\":[{\"@type\":\"ListItem\",\"position\":1,\"name\":\"In\u00edcio\",\"item\":\"https:\/\/granatum.ind.br\/es\/\"},{\"@type\":\"ListItem\",\"position\":2,\"name\":\"Contacto\"}]},{\"@type\":\"WebSite\",\"@id\":\"https:\/\/granatum.ind.br\/#website\",\"url\":\"https:\/\/granatum.ind.br\/\",\"name\":\"Granatum - O seu fornecedor de ingredientes funcionais e ativos minerais\",\"description\":\"O seu fornecedor de ingredientes funcionais e ativos minerais\",\"publisher\":{\"@id\":\"https:\/\/granatum.ind.br\/#organization\"},\"alternateName\":\"Granatum - Your supplier of functional ingredients and mineral actives\",\"potentialAction\":[{\"@type\":\"SearchAction\",\"target\":{\"@type\":\"EntryPoint\",\"urlTemplate\":\"https:\/\/granatum.ind.br\/?s={search_term_string}\"},\"query-input\":{\"@type\":\"PropertyValueSpecification\",\"valueRequired\":true,\"valueName\":\"search_term_string\"}}],\"inLanguage\":\"es\"},{\"@type\":\"Organization\",\"@id\":\"https:\/\/granatum.ind.br\/#organization\",\"name\":\"Granatum - O seu fornecedor de ingredientes funcionais e ativos minerais\",\"url\":\"https:\/\/granatum.ind.br\/\",\"logo\":{\"@type\":\"ImageObject\",\"inLanguage\":\"es\",\"@id\":\"https:\/\/granatum.ind.br\/#\/schema\/logo\/image\/\",\"url\":\"https:\/\/granatum.ind.br\/wp-content\/uploads\/2022\/11\/granatum-taio-sc-logo-cinza.png\",\"contentUrl\":\"https:\/\/granatum.ind.br\/wp-content\/uploads\/2022\/11\/granatum-taio-sc-logo-cinza.png\",\"width\":270,\"height\":56,\"caption\":\"Granatum - O seu fornecedor de ingredientes funcionais e ativos minerais\"},\"image\":{\"@id\":\"https:\/\/granatum.ind.br\/#\/schema\/logo\/image\/\"}}]}<\/script>\n<!-- \/ Yoast SEO plugin. -->","yoast_head_json":{"title":"Granatum &#187; Contacto","robots":{"index":"index","follow":"follow","max-snippet":"max-snippet:-1","max-image-preview":"max-image-preview:large","max-video-preview":"max-video-preview:-1"},"canonical":"https:\/\/granatum.ind.br\/es\/contacto\/","og_locale":"es_ES","og_type":"article","og_title":"Granatum &#187; Contacto","og_description":"Contacto WhatsApp Si\u00e9ntase libre de enviar su mensaje; cu\u00e9ntenos si tuvo inter\u00e9s en alguno de los productos o si desea obtener m\u00e1s informaci\u00f3n. NUESTRASCERTIFICACIONES\u00a0 \u2022 Vegano \/ Natural\u2022 Conformidad COSMOS \/ ECOCERT\u2022 \u00cdndice de origen org\u00e1nico (ISO 16.128): 1\u2022 Nunca probado en animales\u2022 Origen 100 % brasile\u00f1o","og_url":"https:\/\/granatum.ind.br\/es\/contacto\/","og_site_name":"Granatum","article_modified_time":"2025-12-17T12:40:42+00:00","twitter_card":"summary_large_image","twitter_misc":{"Tiempo de lectura":"1 minuto"},"schema":{"@context":"https:\/\/schema.org","@graph":[{"@type":"WebPage","@id":"https:\/\/granatum.ind.br\/es\/contacto\/","url":"https:\/\/granatum.ind.br\/es\/contacto\/","name":"Granatum &#187; Contacto","isPartOf":{"@id":"https:\/\/granatum.ind.br\/#website"},"datePublished":"2022-11-15T18:36:33+00:00","dateModified":"2025-12-17T12:40:42+00:00","breadcrumb":{"@id":"https:\/\/granatum.ind.br\/es\/contacto\/#breadcrumb"},"inLanguage":"es","potentialAction":[{"@type":"ReadAction","target":["https:\/\/granatum.ind.br\/es\/contacto\/"]}]},{"@type":"BreadcrumbList","@id":"https:\/\/granatum.ind.br\/es\/contacto\/#breadcrumb","itemListElement":[{"@type":"ListItem","position":1,"name":"In\u00edcio","item":"https:\/\/granatum.ind.br\/es\/"},{"@type":"ListItem","position":2,"name":"Contacto"}]},{"@type":"WebSite","@id":"https:\/\/granatum.ind.br\/#website","url":"https:\/\/granatum.ind.br\/","name":"Granatum - O seu fornecedor de ingredientes funcionais e ativos minerais","description":"O seu fornecedor de ingredientes funcionais e ativos minerais","publisher":{"@id":"https:\/\/granatum.ind.br\/#organization"},"alternateName":"Granatum - Your supplier of functional ingredients and mineral actives","potentialAction":[{"@type":"SearchAction","target":{"@type":"EntryPoint","urlTemplate":"https:\/\/granatum.ind.br\/?s={search_term_string}"},"query-input":{"@type":"PropertyValueSpecification","valueRequired":true,"valueName":"search_term_string"}}],"inLanguage":"es"},{"@type":"Organization","@id":"https:\/\/granatum.ind.br\/#organization","name":"Granatum - O seu fornecedor de ingredientes funcionais e ativos minerais","url":"https:\/\/granatum.ind.br\/","logo":{"@type":"ImageObject","inLanguage":"es","@id":"https:\/\/granatum.ind.br\/#\/schema\/logo\/image\/","url":"https:\/\/granatum.ind.br\/wp-content\/uploads\/2022\/11\/granatum-taio-sc-logo-cinza.png","contentUrl":"https:\/\/granatum.ind.br\/wp-content\/uploads\/2022\/11\/granatum-taio-sc-logo-cinza.png","width":270,"height":56,"caption":"Granatum - O seu fornecedor de ingredientes funcionais e ativos minerais"},"image":{"@id":"https:\/\/granatum.ind.br\/#\/schema\/logo\/image\/"}}]}},"_links":{"self":[{"href":"https:\/\/granatum.ind.br\/es\/wp-json\/wp\/v2\/pages\/979","targetHints":{"allow":["GET"]}}],"collection":[{"href":"https:\/\/granatum.ind.br\/es\/wp-json\/wp\/v2\/pages"}],"about":[{"href":"https:\/\/granatum.ind.br\/es\/wp-json\/wp\/v2\/types\/page"}],"author":[{"embeddable":true,"href":"https:\/\/granatum.ind.br\/es\/wp-json\/wp\/v2\/users\/1"}],"replies":[{"embeddable":true,"href":"https:\/\/granatum.ind.br\/es\/wp-json\/wp\/v2\/comments?post=979"}],"version-history":[{"count":7,"href":"https:\/\/granatum.ind.br\/es\/wp-json\/wp\/v2\/pages\/979\/revisions"}],"predecessor-version":[{"id":1014,"href":"https:\/\/granatum.ind.br\/es\/wp-json\/wp\/v2\/pages\/979\/revisions\/1014"}],"wp:attachment":[{"href":"https:\/\/granatum.ind.br\/es\/wp-json\/wp\/v2\/media?parent=979"}],"curies":[{"name":"wp","href":"https:\/\/api.w.org\/{rel}","templated":true}]}}