{"id":980,"date":"2025-03-21T16:25:34","date_gmt":"2025-03-21T19:25:34","guid":{"rendered":"https:\/\/granatum.ind.br\/deo-talc-free-oral-care\/"},"modified":"2025-12-17T10:34:17","modified_gmt":"2025-12-17T13:34:17","slug":"deo-talc-free-oral-care","status":"publish","type":"page","link":"https:\/\/granatum.ind.br\/es\/deo-talc-free-oral-care\/","title":{"rendered":"Deo; Talc free; Oral care"},"content":{"rendered":"\t\t<div data-elementor-type=\"wp-page\" data-elementor-id=\"980\" class=\"elementor elementor-980\">\n\t\t\t\t\t\t\t\t\t<section class=\"elementor-section elementor-top-section elementor-element elementor-element-a29a256 elementor-section-full_width elementor-section-height-min-height elementor-section-height-default elementor-section-items-middle\" data-id=\"a29a256\" data-element_type=\"section\" data-settings=\"{&quot;background_background&quot;:&quot;classic&quot;}\">\n\t\t\t\t\t\t<div class=\"elementor-container elementor-column-gap-default\">\n\t\t\t\t\t<div class=\"elementor-column elementor-col-100 elementor-top-column elementor-element elementor-element-44417d1 ot-flex-column-vertical\" data-id=\"44417d1\" data-element_type=\"column\">\n\t\t\t<div class=\"elementor-widget-wrap\">\n\t\t\t\t\t\t\t\t\t<\/div>\n\t\t<\/div>\n\t\t\t\t\t\t\t<\/div>\n\t\t<\/section>\n\t\t\t\t<section class=\"elementor-section elementor-top-section elementor-element elementor-element-4167a628 elementor-section-boxed elementor-section-height-default elementor-section-height-default\" data-id=\"4167a628\" data-element_type=\"section\">\n\t\t\t\t\t\t<div class=\"elementor-container elementor-column-gap-no\">\n\t\t\t\t\t<div class=\"elementor-column elementor-col-100 elementor-top-column elementor-element elementor-element-3d70e11d ot-flex-column-vertical\" data-id=\"3d70e11d\" data-element_type=\"column\">\n\t\t\t<div class=\"elementor-widget-wrap elementor-element-populated\">\n\t\t\t\t\t\t\t\t<div class=\"elementor-element elementor-element-551a3e8 elementor-widget elementor-widget-heading\" data-id=\"551a3e8\" data-element_type=\"widget\" data-widget_type=\"heading.default\">\n\t\t\t\t<div class=\"elementor-widget-container\">\n\t\t\t<style>\/*! elementor - v3.8.1 - 13-11-2022 *\/\n.elementor-heading-title{padding:0;margin:0;line-height:1}.elementor-widget-heading .elementor-heading-title[class*=elementor-size-]>a{color:inherit;font-size:inherit;line-height:inherit}.elementor-widget-heading .elementor-heading-title.elementor-size-small{font-size:15px}.elementor-widget-heading .elementor-heading-title.elementor-size-medium{font-size:19px}.elementor-widget-heading .elementor-heading-title.elementor-size-large{font-size:29px}.elementor-widget-heading .elementor-heading-title.elementor-size-xl{font-size:39px}.elementor-widget-heading .elementor-heading-title.elementor-size-xxl{font-size:59px}<\/style><h1 class=\"elementor-heading-title elementor-size-default\">Talc free, deo, antiperspirantes longa dura\u00e7\u00e3o, dentifr\u00edcios, e \nefeito matte<\/h1>\t\t<\/div>\n\t\t\t\t<\/div>\n\t\t\t\t<div class=\"elementor-element elementor-element-184d32ae elementor-widget elementor-widget-text-editor\" data-id=\"184d32ae\" data-element_type=\"widget\" data-widget_type=\"text-editor.default\">\n\t\t\t\t<div class=\"elementor-widget-container\">\n\t\t\t<style>\/*! elementor - v3.8.1 - 13-11-2022 *\/\n.elementor-widget-text-editor.elementor-drop-cap-view-stacked .elementor-drop-cap{background-color:#818a91;color:#fff}.elementor-widget-text-editor.elementor-drop-cap-view-framed .elementor-drop-cap{color:#818a91;border:3px solid;background-color:transparent}.elementor-widget-text-editor:not(.elementor-drop-cap-view-default) .elementor-drop-cap{margin-top:8px}.elementor-widget-text-editor:not(.elementor-drop-cap-view-default) .elementor-drop-cap-letter{width:1em;height:1em}.elementor-widget-text-editor .elementor-drop-cap{float:left;text-align:center;line-height:1;font-size:50px}.elementor-widget-text-editor .elementor-drop-cap-letter{display:inline-block}<\/style>\t\t\t\t<div style=\"overflow-x: auto;\">\n<table style=\"margin-left: -0.5pt; min-width: 900px;\" border=\"0\" width=\"747\" cellspacing=\"0\" cellpadding=\"0\">\n<tbody>\n<tr style=\"mso-yfti-irow: 0; mso-yfti-firstrow: yes; height: 9.85pt;\">\n<td style=\"width: 70.9pt; border-top-width: 1pt; border-bottom-width: 1pt; border-left-width: 1pt; border-top-color: #ffc000; border-bottom-color: #ffc000; border-left-color: #ffc000; border-right: none; background: #ffc000; padding: 3.6pt 7.2pt; height: 9.85pt;\" valign=\"top\" width=\"95\">\n<p style=\"text-align: center;\" align=\"center\"><span style=\"color: #ffffff;\"><b>Ingredientes<\/b><\/span><\/p>\n<\/td>\n<td style=\"width: 127.55pt; border-top-width: 1pt; border-top-color: #ffc000; border-left: none; border-bottom-width: 1pt; border-bottom-color: #ffc000; border-right: none; background: #ffc000; padding: 3.6pt 7.2pt; height: 9.85pt;\" valign=\"top\" width=\"170\">\n<p style=\"text-align: center;\" align=\"center\"><span style=\"color: #ffffff;\"><b>Nombre INCI<\/b><\/span><\/p>\n<\/td>\n<td style=\"width: 212.65pt; border-top-width: 1pt; border-top-color: #ffc000; border-left: none; border-bottom-width: 1pt; border-bottom-color: #ffc000; border-right: none; background: #ffc000; padding: 3.6pt 7.2pt; height: 9.85pt;\" valign=\"top\" width=\"284\">\n<p style=\"text-align: center; color: #fff;\" align=\"center\"><b>Beneficios<\/b><\/p>\n<\/td>\n<\/tr>\n\n<tr style=\"mso-yfti-irow: 1; height: 18.0pt;\">\n<td style=\"width: 70.9pt; border-top: none; border-left-width: 1pt; border-left-color: #ffc000; border-bottom-width: 1pt; border-bottom-color: #ffc000; border-right: none; background: #fff4e7; padding: 3.6pt 7.2pt; height: 18pt;\" width=\"95\"><b>Kaolin PCG<\/b><\/td>\n<td style=\"width: 127.55pt; border-top: none; border-right: none; border-left: none; border-bottom-width: 1pt; border-bottom-color: #ffc000; background: #fff4e7; padding: 3.6pt 7.2pt; height: 18pt;\" width=\"170\">Kaolin<\/td>\n<td style=\"width: 212.65pt; border-top: none; border-right: none; border-left: none; border-bottom-width: 1pt; border-bottom-color: #ffc000; background: #fff4e7; padding: 3.6pt 7.2pt; height: 18pt;\" valign=\"top\" width=\"284\">Color <b>blanco<\/b>. Cosurfactante, emoliente, donador de pH \u00e1cido y estabilizador de emulsiones. Reduce el costo de formulaciones sin agua. Acelera la homeostasis de la piel. Actividad antipoluci\u00f3n. Actividad antirresiduos y antimetales. <b>Est\u00e1ndar USP \/ Farmacopea Europea<\/b>.<\/td>\n<\/tr>\n\n<tr style=\"mso-yfti-irow: 2; height: 18.0pt;\">\n<td style=\"width: 70.9pt; border-top: none; border-left-width: 1pt; border-left-color: #ffc000; border-bottom-width: 1pt; border-bottom-color: #ffc000; border-right: none;\" width=\"95\"><b>Kaolin 325<\/b><\/td>\n<td style=\"width: 127.55pt; border-top: none; border-right: none; border-left: none; border-bottom-width: 1pt; border-bottom-color: #ffc000;\" width=\"170\">Kaolin<\/td>\n<td style=\"width: 212.65pt; border-top: none; border-right: none; border-left: none; border-bottom-width: 1pt; border-bottom-color: #ffc000;\" valign=\"top\" width=\"284\">#635 <b>caol\u00edn blanco ultramicronizado<\/b>. Cosurfactante, emoliente, donador de pH \u00e1cido y estabilizador de emulsiones. <b>Sistemas DEO.<\/b> Acelera la homeostasis de la piel. Actividad antipoluci\u00f3n. Est\u00e1ndar USP \/ Farmacopea Europea. <b>Alternativa al talco<\/b> en formulaciones <b>Talc Free<\/b>. Libre de asbesto.<\/td>\n<\/tr>\n\n<tr style=\"mso-yfti-irow: 3; height: 29.2pt;\">\n<td style=\"width: 70.9pt; border-top: none; border-left-width: 1pt; border-left-color: #ffc000; border-bottom-width: 1pt; border-bottom-color: #ffc000; border-right: none; background: #fff4e7; padding: 3.6pt 7.2pt; height: 29.2pt;\" width=\"95\"><b>Gran Perlite MS<\/b><\/td>\n<td style=\"width: 127.55pt; border-top: none; border-right: none; border-left: none; border-bottom-width: 1pt; border-bottom-color: #ffc000; background: #fff4e7; padding: 3.6pt 7.2pt; height: 29.2pt;\" width=\"170\">Perlite<\/td>\n<td style=\"width: 212.65pt; border-top: none; border-right: none; border-left: none; border-bottom-width: 1pt; border-bottom-color: #ffc000; background: #fff4e7; padding: 3.6pt 7.2pt; height: 29.2pt;\" valign=\"top\" width=\"284\">Uso en sistemas DEO. Alta capacidad de absorci\u00f3n. Efecto mate en maquillaje y tacto seco (efecto no pegajoso \u2013 non-tacky) en productos para la piel y cuidado solar. Estabiliza la liberaci\u00f3n de fragancias.<\/td>\n<\/tr>\n\n<tr style=\"mso-yfti-irow: 4; height: 29.2pt;\">\n<td style=\"width: 70.9pt; border-top: none; border-left-width: 1pt; border-left-color: #ffc000; border-bottom-width: 1pt; border-bottom-color: #ffc000; border-right: none;\" width=\"95\"><b>Sil-Bent aqua<\/b><\/td>\n<td style=\"width: 127.55pt; border-top: none; border-right: none; border-left: none; border-bottom-width: 1pt; border-bottom-color: #ffc000;\" width=\"170\">Magnesium Aluminum Silicate<\/td>\n<td style=\"width: 212.65pt; border-top: none; border-right: none; border-left: none; border-bottom-width: 1pt; border-bottom-color: #ffc000;\" valign=\"top\" width=\"284\"><b>Alta capacidad de absorci\u00f3n (450 \u2013 550 %).<\/b> Ingrediente espesante. Para sistemas <b>DEO de larga duraci\u00f3n<\/b>.<\/td>\n<\/tr>\n\n<tr style=\"mso-yfti-irow: 5; height: 29.2pt;\">\n<td style=\"width: 70.9pt; border-top: none; border-left-width: 1pt; border-left-color: #ffc000; border-bottom-width: 1pt; border-bottom-color: #ffc000; border-right: none; background: #fff4e7; padding: 3.6pt 7.2pt; height: 29.2pt;\" width=\"95\"><b>Gran Talc Free<\/b><\/td>\n<td style=\"width: 127.55pt; border-top: none; border-right: none; border-left: none; border-bottom-width: 1pt; border-bottom-color: #ffc000; background: #fff4e7; padding: 3.6pt 7.2pt; height: 29.2pt;\" width=\"170\">Kaolin (and) Zea mays<\/td>\n<td style=\"width: 212.65pt; border-top: none; border-right: none; border-left: none; border-bottom-width: 1pt; border-bottom-color: #ffc000; background: #fff4e7; padding: 3.6pt 7.2pt; height: 29.2pt;\" valign=\"top\" width=\"284\"><b>Alternativa al talco.<\/b> Para cosm\u00e9ticos sin talco ni amianto. Talco y maquillaje para beb\u00e9s (polvos sueltos y compactos). GMO free. <b>Libre de asbesto.<\/b><\/td>\n<\/tr>\n\n<\/tbody>\n<\/table>\n<\/div>\n\t\t\t\t\t\t<\/div>\n\t\t\t\t<\/div>\n\t\t\t\t\t<\/div>\n\t\t<\/div>\n\t\t\t\t\t\t\t<\/div>\n\t\t<\/section>\n\t\t\t\t<section class=\"elementor-section elementor-top-section elementor-element elementor-element-0745f5a elementor-section-boxed elementor-section-height-default elementor-section-height-default\" data-id=\"0745f5a\" data-element_type=\"section\">\n\t\t\t\t\t\t<div class=\"elementor-container elementor-column-gap-default\">\n\t\t\t\t\t<div class=\"elementor-column elementor-col-100 elementor-top-column elementor-element elementor-element-affbea2 ot-flex-column-vertical\" data-id=\"affbea2\" data-element_type=\"column\">\n\t\t\t<div class=\"elementor-widget-wrap elementor-element-populated\">\n\t\t\t\t\t\t\t\t<div class=\"elementor-element elementor-element-f1fedb1 elementor-widget elementor-widget-image\" data-id=\"f1fedb1\" data-element_type=\"widget\" data-widget_type=\"image.default\">\n\t\t\t\t<div class=\"elementor-widget-container\">\n\t\t\t<style>\/*! elementor - v3.8.1 - 13-11-2022 *\/\n.elementor-widget-image{text-align:center}.elementor-widget-image a{display:inline-block}.elementor-widget-image a img[src$=\".svg\"]{width:48px}.elementor-widget-image img{vertical-align:middle;display:inline-block}<\/style>\t\t\t\t\t\t\t\t\t\t\t\t<img loading=\"lazy\" decoding=\"async\" width=\"800\" height=\"659\" src=\"https:\/\/granatum.ind.br\/wp-content\/uploads\/2025\/03\/granatum-talc-free.jpg\" class=\"attachment-full size-full\" alt=\"granatum-talc-free\" srcset=\"https:\/\/granatum.ind.br\/wp-content\/uploads\/2025\/03\/granatum-talc-free.jpg 800w, https:\/\/granatum.ind.br\/wp-content\/uploads\/2025\/03\/granatum-talc-free-300x247.jpg 300w, https:\/\/granatum.ind.br\/wp-content\/uploads\/2025\/03\/granatum-talc-free-768x633.jpg 768w\" sizes=\"auto, (max-width: 800px) 100vw, 800px\" \/>\t\t\t\t\t\t\t\t\t\t\t\t\t\t\t<\/div>\n\t\t\t\t<\/div>\n\t\t\t\t\t<\/div>\n\t\t<\/div>\n\t\t\t\t\t\t\t<\/div>\n\t\t<\/section>\n\t\t\t\t\t\t\t<\/div>\n\t\t","protected":false},"excerpt":{"rendered":"<p>Talc free, deo, antiperspirantes longa dura\u00e7\u00e3o, dentifr\u00edcios, e efeito matte Ingredientes Nombre INCI Beneficios Kaolin PCG Kaolin Color blanco. Cosurfactante, emoliente, donador de pH \u00e1cido y estabilizador de emulsiones. Reduce el costo de formulaciones sin agua. Acelera la homeostasis de la piel. Actividad antipoluci\u00f3n. Actividad antirresiduos y antimetales. Est\u00e1ndar USP \/ Farmacopea Europea. Kaolin 325 [&hellip;]<\/p>\n","protected":false},"author":1,"featured_media":0,"parent":0,"menu_order":0,"comment_status":"closed","ping_status":"closed","template":"elementor_header_footer","meta":{"footnotes":""},"class_list":["post-980","page","type-page","status-publish","hentry"],"yoast_head":"<!-- This site is optimized with the Yoast SEO plugin v26.6 - https:\/\/yoast.com\/wordpress\/plugins\/seo\/ -->\n<title>Granatum &#187; Deo; Talc free; Oral care<\/title>\n<meta name=\"robots\" content=\"index, follow, max-snippet:-1, max-image-preview:large, max-video-preview:-1\" \/>\n<link rel=\"canonical\" href=\"https:\/\/granatum.ind.br\/es\/deo-talc-free-oral-care\/\" \/>\n<meta property=\"og:locale\" content=\"es_ES\" \/>\n<meta property=\"og:type\" content=\"article\" \/>\n<meta property=\"og:title\" content=\"Granatum &#187; Deo; Talc free; Oral care\" \/>\n<meta property=\"og:description\" content=\"Talc free, deo, antiperspirantes longa dura\u00e7\u00e3o, dentifr\u00edcios, e efeito matte Ingredientes Nombre INCI Beneficios Kaolin PCG Kaolin Color blanco. Cosurfactante, emoliente, donador de pH \u00e1cido y estabilizador de emulsiones. Reduce el costo de formulaciones sin agua. Acelera la homeostasis de la piel. Actividad antipoluci\u00f3n. Actividad antirresiduos y antimetales. Est\u00e1ndar USP \/ Farmacopea Europea. Kaolin 325 [&hellip;]\" \/>\n<meta property=\"og:url\" content=\"https:\/\/granatum.ind.br\/es\/deo-talc-free-oral-care\/\" \/>\n<meta property=\"og:site_name\" content=\"Granatum\" \/>\n<meta property=\"article:modified_time\" content=\"2025-12-17T13:34:17+00:00\" \/>\n<meta property=\"og:image\" content=\"https:\/\/granatum.ind.br\/wp-content\/uploads\/2025\/03\/granatum-talc-free.jpg\" \/>\n<meta name=\"twitter:card\" content=\"summary_large_image\" \/>\n<meta name=\"twitter:label1\" content=\"Tiempo de lectura\" \/>\n\t<meta name=\"twitter:data1\" content=\"2 minutos\" \/>\n<script type=\"application\/ld+json\" class=\"yoast-schema-graph\">{\"@context\":\"https:\/\/schema.org\",\"@graph\":[{\"@type\":\"WebPage\",\"@id\":\"https:\/\/granatum.ind.br\/es\/deo-talc-free-oral-care\/\",\"url\":\"https:\/\/granatum.ind.br\/es\/deo-talc-free-oral-care\/\",\"name\":\"Granatum &#187; Deo; Talc free; Oral care\",\"isPartOf\":{\"@id\":\"https:\/\/granatum.ind.br\/#website\"},\"primaryImageOfPage\":{\"@id\":\"https:\/\/granatum.ind.br\/es\/deo-talc-free-oral-care\/#primaryimage\"},\"image\":{\"@id\":\"https:\/\/granatum.ind.br\/es\/deo-talc-free-oral-care\/#primaryimage\"},\"thumbnailUrl\":\"https:\/\/granatum.ind.br\/wp-content\/uploads\/2025\/03\/granatum-talc-free.jpg\",\"datePublished\":\"2025-03-21T19:25:34+00:00\",\"dateModified\":\"2025-12-17T13:34:17+00:00\",\"breadcrumb\":{\"@id\":\"https:\/\/granatum.ind.br\/es\/deo-talc-free-oral-care\/#breadcrumb\"},\"inLanguage\":\"es\",\"potentialAction\":[{\"@type\":\"ReadAction\",\"target\":[\"https:\/\/granatum.ind.br\/es\/deo-talc-free-oral-care\/\"]}]},{\"@type\":\"ImageObject\",\"inLanguage\":\"es\",\"@id\":\"https:\/\/granatum.ind.br\/es\/deo-talc-free-oral-care\/#primaryimage\",\"url\":\"https:\/\/granatum.ind.br\/wp-content\/uploads\/2025\/03\/granatum-talc-free.jpg\",\"contentUrl\":\"https:\/\/granatum.ind.br\/wp-content\/uploads\/2025\/03\/granatum-talc-free.jpg\"},{\"@type\":\"BreadcrumbList\",\"@id\":\"https:\/\/granatum.ind.br\/es\/deo-talc-free-oral-care\/#breadcrumb\",\"itemListElement\":[{\"@type\":\"ListItem\",\"position\":1,\"name\":\"In\u00edcio\",\"item\":\"https:\/\/granatum.ind.br\/es\/\"},{\"@type\":\"ListItem\",\"position\":2,\"name\":\"Deo; Talc free; Oral care\"}]},{\"@type\":\"WebSite\",\"@id\":\"https:\/\/granatum.ind.br\/#website\",\"url\":\"https:\/\/granatum.ind.br\/\",\"name\":\"Granatum - O seu fornecedor de ingredientes funcionais e ativos minerais\",\"description\":\"O seu fornecedor de ingredientes funcionais e ativos minerais\",\"publisher\":{\"@id\":\"https:\/\/granatum.ind.br\/#organization\"},\"alternateName\":\"Granatum - Your supplier of functional ingredients and mineral actives\",\"potentialAction\":[{\"@type\":\"SearchAction\",\"target\":{\"@type\":\"EntryPoint\",\"urlTemplate\":\"https:\/\/granatum.ind.br\/?s={search_term_string}\"},\"query-input\":{\"@type\":\"PropertyValueSpecification\",\"valueRequired\":true,\"valueName\":\"search_term_string\"}}],\"inLanguage\":\"es\"},{\"@type\":\"Organization\",\"@id\":\"https:\/\/granatum.ind.br\/#organization\",\"name\":\"Granatum - O seu fornecedor de ingredientes funcionais e ativos minerais\",\"url\":\"https:\/\/granatum.ind.br\/\",\"logo\":{\"@type\":\"ImageObject\",\"inLanguage\":\"es\",\"@id\":\"https:\/\/granatum.ind.br\/#\/schema\/logo\/image\/\",\"url\":\"https:\/\/granatum.ind.br\/wp-content\/uploads\/2022\/11\/granatum-taio-sc-logo-cinza.png\",\"contentUrl\":\"https:\/\/granatum.ind.br\/wp-content\/uploads\/2022\/11\/granatum-taio-sc-logo-cinza.png\",\"width\":270,\"height\":56,\"caption\":\"Granatum - O seu fornecedor de ingredientes funcionais e ativos minerais\"},\"image\":{\"@id\":\"https:\/\/granatum.ind.br\/#\/schema\/logo\/image\/\"}}]}<\/script>\n<!-- \/ Yoast SEO plugin. -->","yoast_head_json":{"title":"Granatum &#187; Deo; Talc free; Oral care","robots":{"index":"index","follow":"follow","max-snippet":"max-snippet:-1","max-image-preview":"max-image-preview:large","max-video-preview":"max-video-preview:-1"},"canonical":"https:\/\/granatum.ind.br\/es\/deo-talc-free-oral-care\/","og_locale":"es_ES","og_type":"article","og_title":"Granatum &#187; Deo; Talc free; Oral care","og_description":"Talc free, deo, antiperspirantes longa dura\u00e7\u00e3o, dentifr\u00edcios, e efeito matte Ingredientes Nombre INCI Beneficios Kaolin PCG Kaolin Color blanco. Cosurfactante, emoliente, donador de pH \u00e1cido y estabilizador de emulsiones. Reduce el costo de formulaciones sin agua. Acelera la homeostasis de la piel. Actividad antipoluci\u00f3n. Actividad antirresiduos y antimetales. Est\u00e1ndar USP \/ Farmacopea Europea. Kaolin 325 [&hellip;]","og_url":"https:\/\/granatum.ind.br\/es\/deo-talc-free-oral-care\/","og_site_name":"Granatum","article_modified_time":"2025-12-17T13:34:17+00:00","og_image":[{"url":"https:\/\/granatum.ind.br\/wp-content\/uploads\/2025\/03\/granatum-talc-free.jpg","type":"","width":"","height":""}],"twitter_card":"summary_large_image","twitter_misc":{"Tiempo de lectura":"2 minutos"},"schema":{"@context":"https:\/\/schema.org","@graph":[{"@type":"WebPage","@id":"https:\/\/granatum.ind.br\/es\/deo-talc-free-oral-care\/","url":"https:\/\/granatum.ind.br\/es\/deo-talc-free-oral-care\/","name":"Granatum &#187; Deo; Talc free; Oral care","isPartOf":{"@id":"https:\/\/granatum.ind.br\/#website"},"primaryImageOfPage":{"@id":"https:\/\/granatum.ind.br\/es\/deo-talc-free-oral-care\/#primaryimage"},"image":{"@id":"https:\/\/granatum.ind.br\/es\/deo-talc-free-oral-care\/#primaryimage"},"thumbnailUrl":"https:\/\/granatum.ind.br\/wp-content\/uploads\/2025\/03\/granatum-talc-free.jpg","datePublished":"2025-03-21T19:25:34+00:00","dateModified":"2025-12-17T13:34:17+00:00","breadcrumb":{"@id":"https:\/\/granatum.ind.br\/es\/deo-talc-free-oral-care\/#breadcrumb"},"inLanguage":"es","potentialAction":[{"@type":"ReadAction","target":["https:\/\/granatum.ind.br\/es\/deo-talc-free-oral-care\/"]}]},{"@type":"ImageObject","inLanguage":"es","@id":"https:\/\/granatum.ind.br\/es\/deo-talc-free-oral-care\/#primaryimage","url":"https:\/\/granatum.ind.br\/wp-content\/uploads\/2025\/03\/granatum-talc-free.jpg","contentUrl":"https:\/\/granatum.ind.br\/wp-content\/uploads\/2025\/03\/granatum-talc-free.jpg"},{"@type":"BreadcrumbList","@id":"https:\/\/granatum.ind.br\/es\/deo-talc-free-oral-care\/#breadcrumb","itemListElement":[{"@type":"ListItem","position":1,"name":"In\u00edcio","item":"https:\/\/granatum.ind.br\/es\/"},{"@type":"ListItem","position":2,"name":"Deo; Talc free; Oral care"}]},{"@type":"WebSite","@id":"https:\/\/granatum.ind.br\/#website","url":"https:\/\/granatum.ind.br\/","name":"Granatum - O seu fornecedor de ingredientes funcionais e ativos minerais","description":"O seu fornecedor de ingredientes funcionais e ativos minerais","publisher":{"@id":"https:\/\/granatum.ind.br\/#organization"},"alternateName":"Granatum - Your supplier of functional ingredients and mineral actives","potentialAction":[{"@type":"SearchAction","target":{"@type":"EntryPoint","urlTemplate":"https:\/\/granatum.ind.br\/?s={search_term_string}"},"query-input":{"@type":"PropertyValueSpecification","valueRequired":true,"valueName":"search_term_string"}}],"inLanguage":"es"},{"@type":"Organization","@id":"https:\/\/granatum.ind.br\/#organization","name":"Granatum - O seu fornecedor de ingredientes funcionais e ativos minerais","url":"https:\/\/granatum.ind.br\/","logo":{"@type":"ImageObject","inLanguage":"es","@id":"https:\/\/granatum.ind.br\/#\/schema\/logo\/image\/","url":"https:\/\/granatum.ind.br\/wp-content\/uploads\/2022\/11\/granatum-taio-sc-logo-cinza.png","contentUrl":"https:\/\/granatum.ind.br\/wp-content\/uploads\/2022\/11\/granatum-taio-sc-logo-cinza.png","width":270,"height":56,"caption":"Granatum - O seu fornecedor de ingredientes funcionais e ativos minerais"},"image":{"@id":"https:\/\/granatum.ind.br\/#\/schema\/logo\/image\/"}}]}},"_links":{"self":[{"href":"https:\/\/granatum.ind.br\/es\/wp-json\/wp\/v2\/pages\/980","targetHints":{"allow":["GET"]}}],"collection":[{"href":"https:\/\/granatum.ind.br\/es\/wp-json\/wp\/v2\/pages"}],"about":[{"href":"https:\/\/granatum.ind.br\/es\/wp-json\/wp\/v2\/types\/page"}],"author":[{"embeddable":true,"href":"https:\/\/granatum.ind.br\/es\/wp-json\/wp\/v2\/users\/1"}],"replies":[{"embeddable":true,"href":"https:\/\/granatum.ind.br\/es\/wp-json\/wp\/v2\/comments?post=980"}],"version-history":[{"count":3,"href":"https:\/\/granatum.ind.br\/es\/wp-json\/wp\/v2\/pages\/980\/revisions"}],"predecessor-version":[{"id":1017,"href":"https:\/\/granatum.ind.br\/es\/wp-json\/wp\/v2\/pages\/980\/revisions\/1017"}],"wp:attachment":[{"href":"https:\/\/granatum.ind.br\/es\/wp-json\/wp\/v2\/media?parent=980"}],"curies":[{"name":"wp","href":"https:\/\/api.w.org\/{rel}","templated":true}]}}